{"id":297,"date":"2026-03-16T15:52:32","date_gmt":"2026-03-16T15:52:32","guid":{"rendered":"https:\/\/grabuge.ca\/?page_id=297"},"modified":"2026-04-17T21:59:46","modified_gmt":"2026-04-17T21:59:46","slug":"volontariat","status":"publish","type":"page","link":"https:\/\/grabuge.ca\/en\/volontariat","title":{"rendered":"Volunteering"},"content":{"rendered":"\n<h1>\n\t\t\tVolontariat\t<\/h1>\n<h2>\n\t\t\tRetraites de volontariat\t<\/h2>\n\t<p>Grabuge est un centre de retraites et r\u00e9sidences artistiques en d\u00e9marrage \u00e0 Stoneham-et-Tewkesbury.<\/p>\n<p>Sa mission est de fournir un espace d\u00e9di\u00e9 \u00e0 l&rsquo;approfondissement des poursuites artistiques, introspectives et disciplinaires, dans un milieu de vie coh\u00e9rent avec la transition socio\u00e9cologique. Nous fournissons environnement id\u00e9al pour la poursuite de projets significatifs, dans un cadre de vie respectueux du vivant, de la nature et des enjeux climatiques.<\/p>\n<p>Les retraites de volontariat permettent \u00e0 la mission de Grabuge de prendre vie avant l&rsquo;ouverture officiel du centre de retraite et de r\u00e9sidences artistiques, pr\u00e9vue pour la fin 2026.<\/p>\n<p>&nbsp;<\/p>\n<h2>\n\t\t\tEn 2026, le volontariat est ouvert aux moins de 35 ans\t<\/h2>\n\t<p>Pour l&rsquo;ann\u00e9e 2026, nous sommes soutenus par le Fonds Mille et Uns pour la jeunesse dans le cadre de notre <a href=\"https:\/\/laruchequebec.com\/fr\/projets\/contribuer-au-grabuge\">campagne la Ruche.<\/a> Ce fonds supporte des projets qui ont un impact sur la jeunesse. Grabuge s&rsquo;est d\u00e9marqu\u00e9 notamment sur ces trois points:<\/p>\n<ul>\n<li>Favoriser la pratique d&rsquo;activit\u00e9s culturelles<\/li>\n<li>Entretenir un contact avec la nature<\/li>\n<li>Contribuer \u00e0 une sant\u00e9 mentale positive<\/li>\n<\/ul>\n<p>Pour la saison \u00e0 venir, \u00e9tant donn\u00e9 ce soutien, nous priorisons donc les s\u00e9jours de volontariat pour les moins de 35 ans. N&rsquo;h\u00e9sitez toutefois pas \u00e0 nous contacter qui que vous soyez: Grabuge se veut inclusif, et notre vision est celle d&rsquo;un partage entre les disciplines, et entre les g\u00e9n\u00e9rations.<\/p>\n<figure itemscope itemtype=\"https:\/\/schema.org\/ImageObject\">\n\t\t\t\t<img decoding=\"async\" src=\"https:\/\/grabuge.ca\/wp-content\/uploads\/2026\/03\/FM1-logo_couleur_Vertical-1024x1024.png\" alt=\"FM1 logo_couleur_Vertical\" height=\"1024\" width=\"1024\" title=\"FM1 logo_couleur_Vertical\" onerror=\"this.style.display='none'\" loading=\"lazy\" \/>\n\t<\/figure>\n<figure itemscope itemtype=\"https:\/\/schema.org\/ImageObject\">\n\t\t\t\t<img decoding=\"async\" src=\"https:\/\/grabuge.ca\/wp-content\/uploads\/2026\/03\/photo-whiteboard-1024x575.png\" alt=\"photo-whiteboard\" height=\"575\" width=\"1024\" title=\"photo-whiteboard\" onerror=\"this.style.display='none'\" loading=\"lazy\" \/>\n\t<\/figure>\n<h2>\n\t\t\tHoraire et fonctionnement\t<\/h2>\n\t<ul>\n<li>S\u00e9jours de 2 \u00e0 4 semaines<\/li>\n<li>2 \u00e0 3 volontaires \u00e0 la fois + les porteurs de projet<\/li>\n<li>Journ\u00e9e divis\u00e9e en deux blocs de ~4 heures:<\/li>\n<\/ul>\n\t<ul>\n<li>P\u00e9riodes en AM ou PM selon la m\u00e9t\u00e9o et les activit\u00e9s pr\u00e9vues<\/li>\n<li>Une journ\u00e9e libre minimum par semaine<\/li>\n<li>R\u00e9unions de volontaires pour \u00e9changer et faire le point sur les travaux<\/li>\n<li>Possibilit\u00e9 d&rsquo;animer des activit\u00e9s ou ateliers pour le groupe<\/li>\n<li>Participer \u00e0 des \u00e9v\u00e9nements communautaires de la municipalit\u00e9<\/li>\n<\/ul>\n<figure itemscope itemtype=\"https:\/\/schema.org\/ImageObject\">\n\t\t\t\t<img decoding=\"async\" src=\"https:\/\/grabuge.ca\/wp-content\/uploads\/2026\/03\/Horaire.png\" alt=\"Horaire\" height=\"558\" width=\"1270\" title=\"Horaire\" onerror=\"this.style.display='none'\" loading=\"lazy\" \/>\n\t\t<figcaption>Exemple d&#039;horaire typique \u00e0 Grabuge<\/figcaption>\n\t<\/figure>\n\t<p>La p\u00e9riode Volontariat est consacr\u00e9e aux t\u00e2ches collectives qui soutiennent le processus de d\u00e9marrage de Grabuge. Les volontaires contribuent aux projets en cours, comme les r\u00e9novations ou constructions, l&rsquo;am\u00e9nagement des espaces et la pr\u00e9paration des repas.<\/p>\n<p>Ces moments de travail sont aussi des occasions d&rsquo;apprentissage et de transmission : d\u00e9couvrir de nouvelles pratiques, d\u00e9velopper son leadership, partager son expertise, prendre confiance en ses propres capacit\u00e9s. Chacun\u00b7e contribue selon ses forces, dans un esprit de coop\u00e9ration et de soutien mutuel.<\/p>\n<figure itemscope itemtype=\"https:\/\/schema.org\/ImageObject\">\n\t\t\t\t<img decoding=\"async\" src=\"https:\/\/grabuge.ca\/wp-content\/uploads\/2026\/03\/Screenshot-from-2026-03-16-12-58-01-1024x574.png\" alt=\"Screenshot from 2026-03-16 12-58-01\" height=\"574\" width=\"1024\" title=\"Screenshot from 2026-03-16 12-58-01\" onerror=\"this.style.display='none'\" loading=\"lazy\" \/>\n\t<\/figure>\n\t<p>Ce temps est enti\u00e8rement d\u00e9di\u00e9 \u00e0 l&rsquo;introspection, \u00e0 la cr\u00e9ation et au travail personnel. Chacun\u00b7e est libre de l&rsquo;habiter comme il\u00b7elle le souhaite : m\u00e9diter, \u00e9crire, pratiquer son art, \u00e9tudier, explorer le plein air, avancer sur un projet ou encore participer \u00e0 une activit\u00e9 de groupe.<\/p>\n<p>L&rsquo;esprit de la p\u00e9riode Solo repose sur l&rsquo;intentionnalit\u00e9 des d\u00e9marches personnelles et disciplinaires, ainsi que sur le respect de celles des autres. C&rsquo;est un moment pour se recentrer, nourrir son inspiration, approfondir sa pratique et d\u00e9velopper sa propre discipline.<\/p>\n<figure itemscope itemtype=\"https:\/\/schema.org\/ImageObject\">\n\t\t\t\t<img decoding=\"async\" src=\"https:\/\/grabuge.ca\/wp-content\/uploads\/2026\/03\/flute-penelope_2-scaled.jpg\" alt=\"flute-penelope_2\" height=\"1922\" width=\"2560\" title=\"flute-penelope_2\" onerror=\"this.style.display='none'\" loading=\"lazy\" \/>\n\t<\/figure>\n<h2>\n\t\t\tT\u00e9moignages\t<\/h2>\n\t\t<ul>\n\t\t<li><blockquote><p><em>\u00ab Les deux premiers mots qui me viennent en t\u00eate quand je pense \u00e0 Grabuge : ressour\u00e7ant et inspirant. [&#8230;] Un moment suspendu dans le temps, propice \u00e0 l&rsquo;apaisement et la s\u00e9r\u00e9nit\u00e9 mais aussi aux \u00e9changes nourris. [&#8230;] Grabuge est pour moi un lieu n\u00e9cessaire \u00e0 notre soci\u00e9t\u00e9 qui laisse place aux exp\u00e9rimentations de nouveaux mod\u00e8le, aux rencontres, \u00e0 l&rsquo;intelligence collective, au partage communautaire. \u00bb<\/em><strong>Nalini, 29 ans, Montr\u00e9al<\/strong><\/p><\/blockquote><\/li>\t\t<li><blockquote><em>\u00ab During my ten days at Grabuge, I experienced a depth of transformation that is difficult to put into words. [&#8230;] this serenity helped me reconnect with myself, question what truly matters, and find a healthier mental space. [&#8230;] Grabuge didn&rsquo;t just give me a place to stay; it gave me clarity, inspiration, and a renewed sense of care for my body, my mind, and the world around me. \u00bb<\/em><strong>Peter, 33 ans, Montr\u00e9al<\/strong><\/blockquote><\/li>\t\t<li><blockquote><em>\u00ab Mon s\u00e9jour \u00e0 Grabuge a \u00e9t\u00e9 tr\u00e8s inspirant pour moi artistiquement. [&#8230;] De m&rsquo;allouer ce temps m&rsquo;a permis de me red\u00e9couvrir comme artiste. [&#8230;] Le travail est toujours distribu\u00e9 selon nos forces et nos envies. C&rsquo;est donc tr\u00e8s agr\u00e9able et on ne ressent pas de pression \u00e0 performer ou \u00e0 pousser trop loin. \u00bb<\/em><strong>Laurie, 24 ans, Qu\u00e9bec<\/strong><\/blockquote><\/li>\t\t<li><blockquote><em>\u00ab Apr\u00e8s deux semaines pass\u00e9es au Grabuge [&#8230;] je reviens \u00e0 mon quotidien avec une nouvelle \u00e9coute de moi-m\u00eame et de ce\/celleux qui m&rsquo;entourent. [&#8230;] Les moments d\u00e9di\u00e9s \u00e0 nos pratiques et activit\u00e9s personnelles et l&rsquo;hygi\u00e8ne num\u00e9rique [&#8230;] ont cr\u00e9\u00e9 un espace immense en moi. [&#8230;] les moments partag\u00e9s avec intentions [&#8230;] ont favoris\u00e9s tant\u00f4t les merveilleux \u00e9changes ressourcants, puis la m\u00e9ditation et les espaces cr\u00e9atifs. \u00bb<\/em><strong>Adrien, 22 ans, Rimouski<\/strong><\/blockquote><\/li>\t\t<li><blockquote><em>\u00ab Mon s\u00e9jour \u00e0 Grabuge a vraiment \u00e9t\u00e9 ressour\u00e7ant. [&#8230;] D\u00e8s mon arriv\u00e9e, je me suis senti accueilli et en confiance. [&#8230;] Le terrain, la for\u00eat, la montagne tout pr\u00e8s, l&rsquo;air pur&#8230; tout contribue \u00e0 un sentiment de connexion et de paix difficile \u00e0 trouver ailleurs. [&#8230;] Grabuge m&rsquo;a profond\u00e9ment inspir\u00e9 et m&rsquo;a fait un bien immense. \u00bb<\/em><strong>F\u00e9lix, 31 ans, Qu\u00e9bec<\/strong><\/blockquote><\/li>\t\t<li><blockquote><em>\u00ab D\u00e8s mon arriv\u00e9e \u00e0 Grabuge, j&rsquo;ai senti la confiance de P\u00e9n\u00e9lope et Gabriel. [&#8230;] chacun.e peut faire des essais et d\u00e9velopper ses aptitudes selon ses envies et dans un environnement s\u00e9curitaire. [&#8230;] Le co-travail en communaut\u00e9 et la routine, m&rsquo;ont donn\u00e9 un bel \u00e9lan afin de finaliser des applications pour des projets artistiques. [&#8230;] Les principes d&rsquo;hygi\u00e8ne num\u00e9rique m&rsquo;ont fait un bien fou. \u00bb<\/em><strong>Florence, 33 ans, Sherbrooke<\/strong><\/blockquote><\/li>\t\t<li><blockquote><em>\u00ab J&rsquo;y ai trouv\u00e9 un endroit calme, accueillant, et en sobri\u00e9t\u00e9 num\u00e9rique, o\u00f9 j&rsquo;ai pu me recentrer. [&#8230;] J&rsquo;ai pu me concentrer sur mes projets cr\u00e9ations, sans distractions. [&#8230;] Les p\u00e9riodes de volontariat m&rsquo;ont offert un sentiment d&rsquo;appartenance. [&#8230;] Je sors de ce s\u00e9jour inspir\u00e9 et ressourc\u00e9. \u00bb<\/em><strong>M\u00e9lix, 26 ans, Rimouski<\/strong><\/blockquote><\/li>\t\t\t<\/ul>\n<h2>\n\t\t\tH\u00e9bergement et espaces\t<\/h2>\n\t<p>\u00c0 Grabuge, les volontaires sont accueillis en dortoir partag\u00e9 ou en tente, selon la saison et les pr\u00e9f\u00e9rences. Sur place, on retrouve l&rsquo;essentiel pour vivre confortablement au quotidien : toilettes, douches, cuisine et salle de lavage, ainsi qu&rsquo;une salle de coworking, un espace multidisciplinaire et une mezzanine propices au travail, \u00e0 la cr\u00e9ation et aux \u00e9changes. Le site donne aussi acc\u00e8s \u00e0 un environnement naturel privil\u00e9gi\u00e9, entre rivi\u00e8re et for\u00eat.<\/p>\n<p><!-- notionvc: 7f944672-4a3e-4bb6-877b-d4054b518622 --><\/p>\n<p><strong><!-- notionvc: 78b2d9f1-498e-4d5f-ada7-69dd249d71c0 --><\/strong><\/p>\n<h2>\n\t\t\tTransport et emplacement\t<\/h2>\n\t<p>Grabuge se situe dans la municipalit\u00e9 de Stoneham-et-Tewkesbury, dans le secteur Tewkesbury, \u00e0 35 minutes de Qu\u00e9bec.<\/p>\n<p>Depuis le centre-ville de Qu\u00e9bec, des autobus se rendent au village de Stoneham. Grabuge peut offrir une navette de Stoneham \u00e0 Tewkesbury au besoin.<\/p>\n<p>Sur place, des v\u00e9los sont disponibles pour les d\u00e9placements.<\/p>\n<p>Les volontaires venant en voiture sont encourag\u00e9s \u00e0 faire du covoiturage entre eux.<\/p>\n<p><strong><!-- notionvc: 78b2d9f1-498e-4d5f-ada7-69dd249d71c0 --><\/strong><\/p>\n<h2>\n\t\t\tAlimentation et cuisine\t<\/h2>\n\t<p>La vie \u00e0 Grabuge s&rsquo;organise autour d&rsquo;une cuisine collective simple, nourrissante et coh\u00e9rente avec nos valeurs. Les aliments de base sont fournis par Grabuge, et l&rsquo;approvisionnement privil\u00e9gie une alimentation locale, v\u00e9g\u00e9tarienne et \u00e0 faible empreinte \u00e9cologique. Trois repas par jour ainsi que des collations sont pr\u00e9vus. Le d\u00e9jeuner est offert en libre-service, tandis que le d\u00eener et le souper sont pr\u00e9par\u00e9s \u00e0 tour de r\u00f4le, dans un esprit de partage et de collaboration.<\/p>\n<p>Afin de simplifier l&rsquo;organisation de la cuisine, il n&rsquo;est pas possible d&rsquo;acheter sa nourriture personnelle ou de cuisiner s\u00e9par\u00e9ment les repas principaux. Les intol\u00e9rances et allergies mineures peuvent \u00eatre accommod\u00e9es, mais les pr\u00e9f\u00e9rences alimentaires ne le sont pas.<\/p>\n<p>Malgr\u00e9 les pr\u00e9cautions prises, Grabuge ne peut garantir l&rsquo;absence de contamination crois\u00e9e, notamment pour les personnes c\u0153liaques ou gravement allergiques aux arachides.<\/p>\n<p><!-- notionvc: 7f944672-4a3e-4bb6-877b-d4054b518622 --><\/p>\n<p><strong><!-- notionvc: 78b2d9f1-498e-4d5f-ada7-69dd249d71c0 --><\/strong><\/p>\n<h2>\n\t\t\tEnvironnement de vie\t<\/h2>\n<figure itemscope itemtype=\"https:\/\/schema.org\/ImageObject\">\n\t\t\t\t<img decoding=\"async\" src=\"https:\/\/grabuge.ca\/wp-content\/uploads\/2026\/03\/phil-marche-1024x769.jpg\" alt=\"phil-marche\" height=\"769\" width=\"1024\" title=\"phil-marche\" onerror=\"this.style.display='none'\" loading=\"lazy\" \/>\n\t<\/figure>\n<h3>\n\t\t\tSobri\u00e9t\u00e9\t<\/h3>\n\t<p>Grabuge est un lieu sobre. Aucun alcool, tabac ou cannabis n&rsquo;est permis sur place. Ce cadre fait partie int\u00e9grante de l&rsquo;exp\u00e9rience du lieu et contribue \u00e0 maintenir une atmosph\u00e8re claire, calme et propice \u00e0 la pr\u00e9sence, \u00e0 la cr\u00e9ation et \u00e0 la qualit\u00e9 du vivre-ensemble.<\/p>\n<h3>\n\t\t\tHygi\u00e8ne num\u00e9rique\t<\/h3>\n\t<p>Une salle de co-travail est mise \u00e0 disposition pour l&rsquo;utilisation des ordinateurs et des t\u00e9l\u00e9phones. Dans les autres espaces communs, les appareils \u00e9lectroniques ne sont pas permis, sauf lorsqu&rsquo;ils soutiennent une d\u00e9marche cr\u00e9ative ou introspective, ou lorsqu&rsquo;ils sont utilis\u00e9s dans le cadre de t\u00e2ches li\u00e9es au lieu. Cette approche vise \u00e0 prot\u00e9ger la qualit\u00e9 de pr\u00e9sence, l&rsquo;attention et la relation au vivant.<\/p>\n<figure itemscope itemtype=\"https:\/\/schema.org\/ImageObject\">\n\t\t\t\t<img decoding=\"async\" src=\"https:\/\/grabuge.ca\/wp-content\/uploads\/2026\/03\/swim-1.png\" alt=\"swim\" height=\"754\" width=\"1344\" title=\"swim\" onerror=\"this.style.display='none'\" loading=\"lazy\" \/>\n\t<\/figure>\n<figure itemscope itemtype=\"https:\/\/schema.org\/ImageObject\">\n\t\t\t\t<img decoding=\"async\" src=\"https:\/\/grabuge.ca\/wp-content\/uploads\/2026\/03\/Screenshot-from-2026-03-16-12-58-52-1024x574.png\" alt=\"Screenshot from 2026-03-16 12-58-52\" height=\"574\" width=\"1024\" title=\"Screenshot from 2026-03-16 12-58-52\" onerror=\"this.style.display='none'\" loading=\"lazy\" \/>\n\t<\/figure>\n<h3>\n\t\t\tVivre-ensemble\t<\/h3>\n\t<p>La vie sur place repose sur le respect du mat\u00e9riel, des espaces communs, du milieu naturel et des pratiques \u00e9cologiques du lieu. Les moments de solitude sont respect\u00e9s, sans obligation sociale. Nous privil\u00e9gions une communication non violente, sans propos discriminatoires, ainsi que des interactions amicales, simples et sans s\u00e9duction. Les volontaires sont aussi encourag\u00e9s \u00e0 proposer ou animer des activit\u00e9s pendant leur s\u00e9jour, et peuvent participer \u00e0 certains \u00e9v\u00e9nements culturels ou communautaires de la municipalit\u00e9.<\/p>\n\t\t<h2>Contribue au Grabuge<\/h2>\n\t\t<p>Envie de venir nous aider \u00e0 Grabuge? D\u00e9pose ta candidature pour un s\u00e9jour de volontariat.<\/p>\n\t\t\t<a href=\"https:\/\/forms.gle\/k7BV1ii2rpjuuAkK9\"  target=\"_blank\" rel=\"noopener\"    rel=\"noopener\">\n\t\t\t\t\t\t\tAppliquer\n\t\t\t<\/a>\n\n","protected":false},"excerpt":{"rendered":"<p>Volontariat Retraites de volontariat Grabuge est un centre de retraites et r\u00e9sidences artistiques en d\u00e9marrage \u00e0 Stoneham-et-Tewkesbury. Sa mission est de fournir un espace d\u00e9di\u00e9 \u00e0 l&rsquo;approfondissement des poursuites artistiques, introspectives et disciplinaires, dans un milieu de vie coh\u00e9rent avec la transition socio\u00e9cologique. Nous fournissons environnement id\u00e9al pour la poursuite de projets significatifs, dans un&hellip;<\/p>","protected":false},"author":1,"featured_media":0,"parent":0,"menu_order":0,"comment_status":"closed","ping_status":"closed","template":"","meta":{"footnotes":""},"class_list":["post-297","page","type-page","status-publish","hentry"],"_links":{"self":[{"href":"https:\/\/grabuge.ca\/en\/wp-json\/wp\/v2\/pages\/297","targetHints":{"allow":["GET"]}}],"collection":[{"href":"https:\/\/grabuge.ca\/en\/wp-json\/wp\/v2\/pages"}],"about":[{"href":"https:\/\/grabuge.ca\/en\/wp-json\/wp\/v2\/types\/page"}],"author":[{"embeddable":true,"href":"https:\/\/grabuge.ca\/en\/wp-json\/wp\/v2\/users\/1"}],"replies":[{"embeddable":true,"href":"https:\/\/grabuge.ca\/en\/wp-json\/wp\/v2\/comments?post=297"}],"version-history":[{"count":29,"href":"https:\/\/grabuge.ca\/en\/wp-json\/wp\/v2\/pages\/297\/revisions"}],"predecessor-version":[{"id":423,"href":"https:\/\/grabuge.ca\/en\/wp-json\/wp\/v2\/pages\/297\/revisions\/423"}],"wp:attachment":[{"href":"https:\/\/grabuge.ca\/en\/wp-json\/wp\/v2\/media?parent=297"}],"curies":[{"name":"wp","href":"https:\/\/api.w.org\/{rel}","templated":true}]}}